{"id":550,"date":"2025-06-17T18:39:05","date_gmt":"2025-06-17T16:39:05","guid":{"rendered":"https:\/\/lebancquiparle.fr\/?page_id=550"},"modified":"2026-02-04T12:34:13","modified_gmt":"2026-02-04T11:34:13","slug":"creations-partagees","status":"publish","type":"page","link":"https:\/\/lebancquiparle.fr\/index.php\/creations-partagees\/","title":{"rendered":"Cr\u00e9ations partag\u00e9es"},"content":{"rendered":"\t\t<div data-elementor-type=\"wp-page\" data-elementor-id=\"550\" class=\"elementor elementor-550\">\n\t\t\t\t<div class=\"elementor-element elementor-element-60a7d08 e-flex e-con-boxed e-con e-parent\" data-id=\"60a7d08\" data-element_type=\"container\" data-e-type=\"container\">\n\t\t\t\t\t<div class=\"e-con-inner\">\n\t\t<div class=\"elementor-element elementor-element-44cd106 e-con-full e-flex e-con e-child\" data-id=\"44cd106\" data-element_type=\"container\" data-e-type=\"container\">\n\t\t\t\t<div class=\"elementor-element elementor-element-5b09b3e elementor-widget elementor-widget-text-editor\" data-id=\"5b09b3e\" data-element_type=\"widget\" data-e-type=\"widget\" data-widget_type=\"text-editor.default\">\n\t\t\t\t<div class=\"elementor-widget-container\">\n\t\t\t\t\t\t\t\t\t<h4>Les Ombres d\u2019apr\u00e8s Vincent Zabus<\/h4><p><a href=\"http:\/\/www.latambouille.org\">www.latambouille.org<\/a><\/p>\t\t\t\t\t\t\t\t<\/div>\n\t\t\t\t<\/div>\n\t\t\t\t<div class=\"elementor-element elementor-element-fb03e36 elementor-widget elementor-widget-image\" data-id=\"fb03e36\" data-element_type=\"widget\" data-e-type=\"widget\" data-widget_type=\"image.default\">\n\t\t\t\t<div class=\"elementor-widget-container\">\n\t\t\t\t\t\t\t\t\t\t\t\t\t\t\t<img fetchpriority=\"high\" decoding=\"async\" width=\"819\" height=\"1024\" src=\"https:\/\/lebancquiparle.fr\/wp-content\/uploads\/2025\/09\/les-ombres-819x1024.png\" class=\"attachment-large size-large wp-image-1421\" alt=\"\" srcset=\"https:\/\/lebancquiparle.fr\/wp-content\/uploads\/2025\/09\/les-ombres-819x1024.png 819w, https:\/\/lebancquiparle.fr\/wp-content\/uploads\/2025\/09\/les-ombres-240x300.png 240w, https:\/\/lebancquiparle.fr\/wp-content\/uploads\/2025\/09\/les-ombres-768x960.png 768w, https:\/\/lebancquiparle.fr\/wp-content\/uploads\/2025\/09\/les-ombres-48x60.png 48w, https:\/\/lebancquiparle.fr\/wp-content\/uploads\/2025\/09\/les-ombres.png 1080w\" sizes=\"(max-width: 819px) 100vw, 819px\" \/>\t\t\t\t\t\t\t\t\t\t\t\t\t\t\t<\/div>\n\t\t\t\t<\/div>\n\t\t\t\t<\/div>\n\t\t<div class=\"elementor-element elementor-element-bad05d3 e-con-full e-flex e-con e-child\" data-id=\"bad05d3\" data-element_type=\"container\" data-e-type=\"container\">\n\t\t\t\t<div class=\"elementor-element elementor-element-7aec4b0 elementor-align-center elementor-widget elementor-widget-button\" data-id=\"7aec4b0\" data-element_type=\"widget\" data-e-type=\"widget\" data-widget_type=\"button.default\">\n\t\t\t\t<div class=\"elementor-widget-container\">\n\t\t\t\t\t\t\t\t\t<div class=\"elementor-button-wrapper\">\n\t\t\t\t\t<a class=\"elementor-button elementor-button-link elementor-size-sm\" href=\"http:\/\/lebancquiparle.fr\/wp-content\/uploads\/2025\/07\/dossier-ombres-11-22.pdf\" target=\"_blank\">\n\t\t\t\t\t\t<span class=\"elementor-button-content-wrapper\">\n\t\t\t\t\t\t\t\t\t<span class=\"elementor-button-text\">Dossier<\/span>\n\t\t\t\t\t<\/span>\n\t\t\t\t\t<\/a>\n\t\t\t\t<\/div>\n\t\t\t\t\t\t\t\t<\/div>\n\t\t\t\t<\/div>\n\t\t\t\t<div class=\"elementor-element elementor-element-a451775 elementor-align-left elementor-widget elementor-widget-button\" data-id=\"a451775\" data-element_type=\"widget\" data-e-type=\"widget\" data-widget_type=\"button.default\">\n\t\t\t\t<div class=\"elementor-widget-container\">\n\t\t\t\t\t\t\t\t\t<div class=\"elementor-button-wrapper\">\n\t\t\t\t\t<a class=\"elementor-button elementor-button-link elementor-size-sm\" href=\"http:\/\/lebancquiparle.fr\/wp-content\/uploads\/2025\/07\/LESOMBRES_Fiche-technique_2023-1.pdf\" target=\"_blank\">\n\t\t\t\t\t\t<span class=\"elementor-button-content-wrapper\">\n\t\t\t\t\t\t\t\t\t<span class=\"elementor-button-text\">Fiche technique<\/span>\n\t\t\t\t\t<\/span>\n\t\t\t\t\t<\/a>\n\t\t\t\t<\/div>\n\t\t\t\t\t\t\t\t<\/div>\n\t\t\t\t<\/div>\n\t\t\t\t<div class=\"elementor-element elementor-element-5e54dae elementor-align-center elementor-widget elementor-widget-button\" data-id=\"5e54dae\" data-element_type=\"widget\" data-e-type=\"widget\" data-widget_type=\"button.default\">\n\t\t\t\t<div class=\"elementor-widget-container\">\n\t\t\t\t\t\t\t\t\t<div class=\"elementor-button-wrapper\">\n\t\t\t\t\t<a class=\"elementor-button elementor-button-link elementor-size-sm\" href=\"https:\/\/vimeo.com\/manage\/videos\/845836157\" target=\"_blank\">\n\t\t\t\t\t\t<span class=\"elementor-button-content-wrapper\">\n\t\t\t\t\t\t\t\t\t<span class=\"elementor-button-text\">Vid\u00e9o<\/span>\n\t\t\t\t\t<\/span>\n\t\t\t\t\t<\/a>\n\t\t\t\t<\/div>\n\t\t\t\t\t\t\t\t<\/div>\n\t\t\t\t<\/div>\n\t\t\t\t<div class=\"elementor-element elementor-element-712e5be elementor-widget elementor-widget-text-editor\" data-id=\"712e5be\" data-element_type=\"widget\" data-e-type=\"widget\" data-widget_type=\"text-editor.default\">\n\t\t\t\t<div class=\"elementor-widget-container\">\n\t\t\t\t\t\t\t\t\t<p><strong>Contacts<\/strong><\/p><p><strong>Administration &amp; Production : Audrey Troyes<\/strong><br \/>07 88 05 85 10 \u2013\u00a0<a href=\"mailto:administration@latambouille.org\">administration@latambouille.org<\/a><\/p><p><strong>Contact Artistique et Actions Culturelles : Agn\u00e8s Gaulin<\/strong><br \/>06 10 70 11 58 \u2013 <a href=\"mailto:lesombres@latambouille.org\">lesombres@latambouille.org<\/a><\/p><p><strong>R\u00e9gie lumi\u00e8re : Christophe Hardy<\/strong><br \/>06 87 10 22 18 &#8211; <a href=\"mailto:lesombres@latambouille.org\">lesombres@latambouille.org<\/a><\/p>\t\t\t\t\t\t\t\t<\/div>\n\t\t\t\t<\/div>\n\t\t\t\t<div class=\"elementor-element elementor-element-719beb7 elementor-widget elementor-widget-image\" data-id=\"719beb7\" data-element_type=\"widget\" data-e-type=\"widget\" data-widget_type=\"image.default\">\n\t\t\t\t<div class=\"elementor-widget-container\">\n\t\t\t\t\t\t\t\t\t\t\t\t\t\t\t<img decoding=\"async\" width=\"300\" height=\"169\" src=\"https:\/\/lebancquiparle.fr\/wp-content\/uploads\/2025\/09\/Frere-et-soeur-300x169.jpg\" class=\"attachment-medium size-medium wp-image-1390\" alt=\"\" srcset=\"https:\/\/lebancquiparle.fr\/wp-content\/uploads\/2025\/09\/Frere-et-soeur-300x169.jpg 300w, https:\/\/lebancquiparle.fr\/wp-content\/uploads\/2025\/09\/Frere-et-soeur-1024x576.jpg 1024w, https:\/\/lebancquiparle.fr\/wp-content\/uploads\/2025\/09\/Frere-et-soeur-768x432.jpg 768w, https:\/\/lebancquiparle.fr\/wp-content\/uploads\/2025\/09\/Frere-et-soeur-1536x864.jpg 1536w, https:\/\/lebancquiparle.fr\/wp-content\/uploads\/2025\/09\/Frere-et-soeur-2048x1152.jpg 2048w, https:\/\/lebancquiparle.fr\/wp-content\/uploads\/2025\/09\/Frere-et-soeur-107x60.jpg 107w\" sizes=\"(max-width: 300px) 100vw, 300px\" \/>\t\t\t\t\t\t\t\t\t\t\t\t\t\t\t<\/div>\n\t\t\t\t<\/div>\n\t\t\t\t<\/div>\n\t\t\t\t\t<\/div>\n\t\t\t\t<\/div>\n\t\t<div class=\"elementor-element elementor-element-04f3bdd e-flex e-con-boxed e-con e-parent\" data-id=\"04f3bdd\" data-element_type=\"container\" data-e-type=\"container\">\n\t\t\t\t\t<div class=\"e-con-inner\">\n\t\t<div class=\"elementor-element elementor-element-db2a833 e-con-full e-flex e-con e-child\" data-id=\"db2a833\" data-element_type=\"container\" data-e-type=\"container\">\n\t\t\t\t<div class=\"elementor-element elementor-element-9df92a4 elementor-widget elementor-widget-heading\" data-id=\"9df92a4\" data-element_type=\"widget\" data-e-type=\"widget\" data-widget_type=\"heading.default\">\n\t\t\t\t<div class=\"elementor-widget-container\">\n\t\t\t\t\t<h4 class=\"elementor-heading-title elementor-size-default\">Le conte de l'\u00eele inconnue de Jos\u00e9 Saramago<\/h4>\t\t\t\t<\/div>\n\t\t\t\t<\/div>\n\t\t\t\t<div class=\"elementor-element elementor-element-780742c elementor-widget elementor-widget-image\" data-id=\"780742c\" data-element_type=\"widget\" data-e-type=\"widget\" data-widget_type=\"image.default\">\n\t\t\t\t<div class=\"elementor-widget-container\">\n\t\t\t\t\t\t\t\t\t\t\t\t\t\t\t<img decoding=\"async\" width=\"819\" height=\"1024\" src=\"https:\/\/lebancquiparle.fr\/wp-content\/uploads\/2025\/09\/Post-Instagram-Collage-Photos-Vacances-Moderne-Epure-Pastel-1-819x1024.png\" class=\"attachment-large size-large wp-image-1422\" alt=\"\" srcset=\"https:\/\/lebancquiparle.fr\/wp-content\/uploads\/2025\/09\/Post-Instagram-Collage-Photos-Vacances-Moderne-Epure-Pastel-1-819x1024.png 819w, https:\/\/lebancquiparle.fr\/wp-content\/uploads\/2025\/09\/Post-Instagram-Collage-Photos-Vacances-Moderne-Epure-Pastel-1-240x300.png 240w, https:\/\/lebancquiparle.fr\/wp-content\/uploads\/2025\/09\/Post-Instagram-Collage-Photos-Vacances-Moderne-Epure-Pastel-1-768x960.png 768w, https:\/\/lebancquiparle.fr\/wp-content\/uploads\/2025\/09\/Post-Instagram-Collage-Photos-Vacances-Moderne-Epure-Pastel-1-48x60.png 48w, https:\/\/lebancquiparle.fr\/wp-content\/uploads\/2025\/09\/Post-Instagram-Collage-Photos-Vacances-Moderne-Epure-Pastel-1.png 1080w\" sizes=\"(max-width: 819px) 100vw, 819px\" \/>\t\t\t\t\t\t\t\t\t\t\t\t\t\t\t<\/div>\n\t\t\t\t<\/div>\n\t\t\t\t<div class=\"elementor-element elementor-element-fb71ad4 elementor-widget elementor-widget-heading\" data-id=\"fb71ad4\" data-element_type=\"widget\" data-e-type=\"widget\" data-widget_type=\"heading.default\">\n\t\t\t\t<div class=\"elementor-widget-container\">\n\t\t\t\t\t<p class=\"elementor-heading-title elementor-size-default\">Th\u00e9\u00e2tre \u00e0 la maison - Spectacle tout terrain.\nConte philosophique insolent pour deux interpr\u00e8tes,  un accord\u00e9on et un bateau en papier<\/p>\t\t\t\t<\/div>\n\t\t\t\t<\/div>\n\t\t\t\t<div class=\"elementor-element elementor-element-38978f4 elementor-widget elementor-widget-spacer\" data-id=\"38978f4\" data-element_type=\"widget\" data-e-type=\"widget\" data-widget_type=\"spacer.default\">\n\t\t\t\t<div class=\"elementor-widget-container\">\n\t\t\t\t\t\t\t<div class=\"elementor-spacer\">\n\t\t\t<div class=\"elementor-spacer-inner\"><\/div>\n\t\t<\/div>\n\t\t\t\t\t\t<\/div>\n\t\t\t\t<\/div>\n\t\t\t\t<\/div>\n\t\t<div class=\"elementor-element elementor-element-55157d1 e-con-full e-flex e-con e-child\" data-id=\"55157d1\" data-element_type=\"container\" data-e-type=\"container\">\n\t\t\t\t<div class=\"elementor-element elementor-element-55fc62c elementor-widget elementor-widget-text-editor\" data-id=\"55fc62c\" data-element_type=\"widget\" data-e-type=\"widget\" data-widget_type=\"text-editor.default\">\n\t\t\t\t<div class=\"elementor-widget-container\">\n\t\t\t\t\t\t\t\t\t<h5><strong>Contact<\/strong><\/h5><p>Agn\u00e8s Gaulin<\/p><p>06 10 70 11 58<\/p><p><a href=\"mailto:cielebancquiparle@ecomail.fr\">cielebancquiparle@ecomail.fr<\/a><\/p><p>ou\u00a0<a href=\"mailto:infos@ololocie.fr\">infos@ololocie.fr<\/a><\/p>\t\t\t\t\t\t\t\t<\/div>\n\t\t\t\t<\/div>\n\t\t\t\t<div class=\"elementor-element elementor-element-c701537 elementor-align-left elementor-widget elementor-widget-button\" data-id=\"c701537\" data-element_type=\"widget\" data-e-type=\"widget\" data-widget_type=\"button.default\">\n\t\t\t\t<div class=\"elementor-widget-container\">\n\t\t\t\t\t\t\t\t\t<div class=\"elementor-button-wrapper\">\n\t\t\t\t\t<a class=\"elementor-button elementor-button-link elementor-size-sm\" href=\"http:\/\/lebancquiparle.fr\/wp-content\/uploads\/2026\/02\/CII-dossier-diff-01-26.pdf\" target=\"_blank\">\n\t\t\t\t\t\t<span class=\"elementor-button-content-wrapper\">\n\t\t\t\t\t\t\t\t\t<span class=\"elementor-button-text\">Dossier<\/span>\n\t\t\t\t\t<\/span>\n\t\t\t\t\t<\/a>\n\t\t\t\t<\/div>\n\t\t\t\t\t\t\t\t<\/div>\n\t\t\t\t<\/div>\n\t\t<div class=\"elementor-element elementor-element-ef5ba1e e-grid e-con-full e-con e-child\" data-id=\"ef5ba1e\" data-element_type=\"container\" data-e-type=\"container\">\n\t\t\t\t<div class=\"elementor-element elementor-element-7081787 elementor-widget elementor-widget-image\" data-id=\"7081787\" data-element_type=\"widget\" data-e-type=\"widget\" data-widget_type=\"image.default\">\n\t\t\t\t<div class=\"elementor-widget-container\">\n\t\t\t\t\t\t\t\t\t\t\t\t\t\t\t<img loading=\"lazy\" decoding=\"async\" width=\"1024\" height=\"576\" src=\"https:\/\/lebancquiparle.fr\/wp-content\/uploads\/2025\/05\/1070418-1024x576.jpg\" class=\"attachment-large size-large wp-image-78\" alt=\"\" srcset=\"https:\/\/lebancquiparle.fr\/wp-content\/uploads\/2025\/05\/1070418-1024x576.jpg 1024w, https:\/\/lebancquiparle.fr\/wp-content\/uploads\/2025\/05\/1070418-300x169.jpg 300w, https:\/\/lebancquiparle.fr\/wp-content\/uploads\/2025\/05\/1070418-768x432.jpg 768w, https:\/\/lebancquiparle.fr\/wp-content\/uploads\/2025\/05\/1070418-1536x864.jpg 1536w, https:\/\/lebancquiparle.fr\/wp-content\/uploads\/2025\/05\/1070418-1200x675.jpg 1200w, https:\/\/lebancquiparle.fr\/wp-content\/uploads\/2025\/05\/1070418.jpg 1920w\" sizes=\"(max-width: 1024px) 100vw, 1024px\" \/>\t\t\t\t\t\t\t\t\t\t\t\t\t\t\t<\/div>\n\t\t\t\t<\/div>\n\t\t\t\t<div class=\"elementor-element elementor-element-609f91e elementor-widget elementor-widget-image\" data-id=\"609f91e\" data-element_type=\"widget\" data-e-type=\"widget\" data-widget_type=\"image.default\">\n\t\t\t\t<div class=\"elementor-widget-container\">\n\t\t\t\t\t\t\t\t\t\t\t\t\t\t\t<img loading=\"lazy\" decoding=\"async\" width=\"1024\" height=\"576\" src=\"https:\/\/lebancquiparle.fr\/wp-content\/uploads\/2025\/05\/1070403-1024x576.jpg\" class=\"attachment-large size-large wp-image-80\" alt=\"\" srcset=\"https:\/\/lebancquiparle.fr\/wp-content\/uploads\/2025\/05\/1070403-1024x576.jpg 1024w, https:\/\/lebancquiparle.fr\/wp-content\/uploads\/2025\/05\/1070403-300x169.jpg 300w, https:\/\/lebancquiparle.fr\/wp-content\/uploads\/2025\/05\/1070403-768x432.jpg 768w, https:\/\/lebancquiparle.fr\/wp-content\/uploads\/2025\/05\/1070403-1536x864.jpg 1536w, https:\/\/lebancquiparle.fr\/wp-content\/uploads\/2025\/05\/1070403-1200x675.jpg 1200w, https:\/\/lebancquiparle.fr\/wp-content\/uploads\/2025\/05\/1070403.jpg 1920w\" sizes=\"(max-width: 1024px) 100vw, 1024px\" \/>\t\t\t\t\t\t\t\t\t\t\t\t\t\t\t<\/div>\n\t\t\t\t<\/div>\n\t\t\t\t<\/div>\n\t\t\t\t<\/div>\n\t\t\t\t\t<\/div>\n\t\t\t\t<\/div>\n\t\t<div class=\"elementor-element elementor-element-018b197 e-flex e-con-boxed e-con e-parent\" data-id=\"018b197\" data-element_type=\"container\" data-e-type=\"container\">\n\t\t\t\t\t<div class=\"e-con-inner\">\n\t\t<div class=\"elementor-element elementor-element-02ae73d e-con-full e-flex e-con e-child\" data-id=\"02ae73d\" data-element_type=\"container\" data-e-type=\"container\">\n\t\t\t\t<div class=\"elementor-element elementor-element-94bf709 elementor-widget elementor-widget-heading\" data-id=\"94bf709\" data-element_type=\"widget\" data-e-type=\"widget\" data-widget_type=\"heading.default\">\n\t\t\t\t<div class=\"elementor-widget-container\">\n\t\t\t\t\t<h4 class=\"elementor-heading-title elementor-size-default\">Vagabondages de Jehan Rictus<\/h4>\t\t\t\t<\/div>\n\t\t\t\t<\/div>\n\t\t\t\t<div class=\"elementor-element elementor-element-48f7184 elementor-widget elementor-widget-image\" data-id=\"48f7184\" data-element_type=\"widget\" data-e-type=\"widget\" data-widget_type=\"image.default\">\n\t\t\t\t<div class=\"elementor-widget-container\">\n\t\t\t\t\t\t\t\t\t\t\t\t\t\t\t<img loading=\"lazy\" decoding=\"async\" width=\"819\" height=\"1024\" src=\"https:\/\/lebancquiparle.fr\/wp-content\/uploads\/2026\/01\/Post-Instagram-Collage-Photos-Vacances-Moderne-Epure-Pastel-4-819x1024.png\" class=\"attachment-large size-large wp-image-1740\" alt=\"\" srcset=\"https:\/\/lebancquiparle.fr\/wp-content\/uploads\/2026\/01\/Post-Instagram-Collage-Photos-Vacances-Moderne-Epure-Pastel-4-819x1024.png 819w, https:\/\/lebancquiparle.fr\/wp-content\/uploads\/2026\/01\/Post-Instagram-Collage-Photos-Vacances-Moderne-Epure-Pastel-4-240x300.png 240w, https:\/\/lebancquiparle.fr\/wp-content\/uploads\/2026\/01\/Post-Instagram-Collage-Photos-Vacances-Moderne-Epure-Pastel-4-768x960.png 768w, https:\/\/lebancquiparle.fr\/wp-content\/uploads\/2026\/01\/Post-Instagram-Collage-Photos-Vacances-Moderne-Epure-Pastel-4-48x60.png 48w, https:\/\/lebancquiparle.fr\/wp-content\/uploads\/2026\/01\/Post-Instagram-Collage-Photos-Vacances-Moderne-Epure-Pastel-4.png 1080w\" sizes=\"(max-width: 819px) 100vw, 819px\" \/>\t\t\t\t\t\t\t\t\t\t\t\t\t\t\t<\/div>\n\t\t\t\t<\/div>\n\t\t\t\t<\/div>\n\t\t<div class=\"elementor-element elementor-element-8290f10 e-con-full e-flex e-con e-child\" data-id=\"8290f10\" data-element_type=\"container\" data-e-type=\"container\">\n\t\t\t\t<div class=\"elementor-element elementor-element-5d661c9 elementor-align-left elementor-widget elementor-widget-button\" data-id=\"5d661c9\" data-element_type=\"widget\" data-e-type=\"widget\" data-widget_type=\"button.default\">\n\t\t\t\t<div class=\"elementor-widget-container\">\n\t\t\t\t\t\t\t\t\t<div class=\"elementor-button-wrapper\">\n\t\t\t\t\t<a class=\"elementor-button elementor-button-link elementor-size-sm\" href=\"http:\/\/lebancquiparle.fr\/wp-content\/uploads\/2026\/01\/Rictus-Fiche-comm-et-tech-01-2026.pdf\" target=\"_blank\">\n\t\t\t\t\t\t<span class=\"elementor-button-content-wrapper\">\n\t\t\t\t\t\t\t\t\t<span class=\"elementor-button-text\">Fiche technique<\/span>\n\t\t\t\t\t<\/span>\n\t\t\t\t\t<\/a>\n\t\t\t\t<\/div>\n\t\t\t\t\t\t\t\t<\/div>\n\t\t\t\t<\/div>\n\t\t\t\t<div class=\"elementor-element elementor-element-719d17a elementor-widget elementor-widget-text-editor\" data-id=\"719d17a\" data-element_type=\"widget\" data-e-type=\"widget\" data-widget_type=\"text-editor.default\">\n\t\t\t\t<div class=\"elementor-widget-container\">\n\t\t\t\t\t\t\t\t\t<h5><strong>Contact<\/strong><\/h5><p>Christophe Hardy<\/p><p>06 87 10 22 18\u00a0<\/p><p><a href=\"mailto:ardicris@outlook.com\">ardicris@outlook.com<\/a><\/p><p>\u00a0<\/p>\t\t\t\t\t\t\t\t<\/div>\n\t\t\t\t<\/div>\n\t\t\t\t<\/div>\n\t\t\t\t\t<\/div>\n\t\t\t\t<\/div>\n\t\t\t\t<\/div>\n\t\t","protected":false},"excerpt":{"rendered":"<p>Les Ombres d\u2019apr\u00e8s Vincent Zabus www.latambouille.org Dossier Fiche technique Vid\u00e9o Contacts Administration &amp; Production : Audrey Troyes07 88 05 85 10 \u2013\u00a0administration@latambouille.org Contact Artistique et Actions Culturelles : Agn\u00e8s Gaulin06 10 70 11 58 \u2013 lesombres@latambouille.org R\u00e9gie lumi\u00e8re : Christophe Hardy06 87 10 22 18 &#8211; lesombres@latambouille.org Le conte de l&#8217;\u00eele inconnue de Jos\u00e9 Saramago &hellip; <\/p>\n","protected":false},"author":1,"featured_media":0,"parent":0,"menu_order":0,"comment_status":"closed","ping_status":"closed","template":"","meta":{"postBodyCss":"","postBodyMargin":[],"postBodyPadding":[],"postBodyBackground":{"backgroundType":"classic","gradient":""},"footnotes":""},"class_list":["post-550","page","type-page","status-publish","hentry"],"_links":{"self":[{"href":"https:\/\/lebancquiparle.fr\/index.php\/wp-json\/wp\/v2\/pages\/550","targetHints":{"allow":["GET"]}}],"collection":[{"href":"https:\/\/lebancquiparle.fr\/index.php\/wp-json\/wp\/v2\/pages"}],"about":[{"href":"https:\/\/lebancquiparle.fr\/index.php\/wp-json\/wp\/v2\/types\/page"}],"author":[{"embeddable":true,"href":"https:\/\/lebancquiparle.fr\/index.php\/wp-json\/wp\/v2\/users\/1"}],"replies":[{"embeddable":true,"href":"https:\/\/lebancquiparle.fr\/index.php\/wp-json\/wp\/v2\/comments?post=550"}],"version-history":[{"count":175,"href":"https:\/\/lebancquiparle.fr\/index.php\/wp-json\/wp\/v2\/pages\/550\/revisions"}],"predecessor-version":[{"id":1832,"href":"https:\/\/lebancquiparle.fr\/index.php\/wp-json\/wp\/v2\/pages\/550\/revisions\/1832"}],"wp:attachment":[{"href":"https:\/\/lebancquiparle.fr\/index.php\/wp-json\/wp\/v2\/media?parent=550"}],"curies":[{"name":"wp","href":"https:\/\/api.w.org\/{rel}","templated":true}]}}